{"id":109,"date":"2021-11-17T04:22:52","date_gmt":"2021-11-17T04:22:52","guid":{"rendered":"http:\/\/demo.ovathemes.com\/transflash\/?page_id=109"},"modified":"2022-06-02T17:31:00","modified_gmt":"2022-06-02T17:31:00","slug":"about-us","status":"publish","type":"page","link":"https:\/\/qbitmanagement.com\/ro\/about-us\/","title":{"rendered":"Despre Noi"},"content":{"rendered":"<div data-elementor-type=\"wp-page\" data-elementor-id=\"109\" class=\"elementor elementor-109\">\n\t\t\t\t\t\t\t\t\t<section class=\"elementor-section elementor-top-section elementor-element elementor-element-14f8e3e elementor-section-boxed elementor-section-height-default elementor-section-height-default\" data-id=\"14f8e3e\" data-element_type=\"section\">\n\t\t\t\t\t\t<div class=\"elementor-container elementor-column-gap-default\">\n\t\t\t\t\t<div class=\"elementor-column elementor-col-100 elementor-top-column elementor-element elementor-element-8638a7d\" data-id=\"8638a7d\" data-element_type=\"column\">\n\t\t\t<div class=\"elementor-widget-wrap elementor-element-populated\">\n\t\t\t\t\t\t\t\t<div class=\"elementor-element elementor-element-7f3653a elementor-widget elementor-widget-transflash_elementor_heading\" data-id=\"7f3653a\" data-element_type=\"widget\" data-widget_type=\"transflash_elementor_heading.default\">\n\t\t\t\t<div class=\"elementor-widget-container\">\n\t\t\t\n\t\t    <div class=\"ova-heading\">\n\t\t \t   <h2 class=\"title\">\t\t\t\t\t\t\t\t\t\t\t Despre QBIT MANAGEMENT\t\t\t\t\t\t\t\t\t<\/h2>\n\t\t\t\t\t\t    <\/div>\n\n         \t\t<\/div>\n\t\t\t\t<\/div>\n\t\t\t\t\t<\/div>\n\t\t<\/div>\n\t\t\t\t\t\t\t<\/div>\n\t\t<\/section>\n\t\t\t\t<section class=\"elementor-section elementor-top-section elementor-element elementor-element-00f351e elementor-section-boxed elementor-section-height-default elementor-section-height-default\" data-id=\"00f351e\" data-element_type=\"section\" data-settings=\"{&quot;background_background&quot;:&quot;classic&quot;}\">\n\t\t\t\t\t\t<div class=\"elementor-container elementor-column-gap-default\">\n\t\t\t\t\t<div class=\"elementor-column elementor-col-100 elementor-top-column elementor-element elementor-element-4dc3c5c\" data-id=\"4dc3c5c\" data-element_type=\"column\">\n\t\t\t<div class=\"elementor-widget-wrap elementor-element-populated\">\n\t\t\t\t\t\t\t\t<div class=\"elementor-element elementor-element-51b00f6 elementor-widget elementor-widget-heading\" data-id=\"51b00f6\" data-element_type=\"widget\" data-widget_type=\"heading.default\">\n\t\t\t\t<div class=\"elementor-widget-container\">\n\t\t\t<style>\/*! elementor - v3.6.5 - 27-04-2022 *\/\n.elementor-heading-title{padding:0;margin:0;line-height:1}.elementor-widget-heading .elementor-heading-title[class*=elementor-size-]>a{color:inherit;font-size:inherit;line-height:inherit}.elementor-widget-heading .elementor-heading-title.elementor-size-small{font-size:15px}.elementor-widget-heading .elementor-heading-title.elementor-size-medium{font-size:19px}.elementor-widget-heading .elementor-heading-title.elementor-size-large{font-size:29px}.elementor-widget-heading .elementor-heading-title.elementor-size-xl{font-size:39px}.elementor-widget-heading .elementor-heading-title.elementor-size-xxl{font-size:59px}<\/style><p class=\"elementor-heading-title elementor-size-default\">Suntem o companie moderna de logistica si transport specializata in livrarea pe teren. Prin expertiza \u0219i profesionalismul nostru, ne ajut\u0103m clien\u021bii s\u0103 \u00ee\u0219i expedieze bunurile rapid \u0219i \u00een siguran\u021b\u0103.\n<br><br>\nMisiunea noastr\u0103 este s\u0103 dep\u0103\u0219im \u00een mod constant a\u0219tept\u0103rile clien\u021bilor no\u0219tri prin competitivitate, personalizarea solu\u021biilor oferite, execu\u021bia expert\u0103 a contractelor \u0219i deschiderea.\n<br><br>\nAvem peste \u0219apte ani de experien\u021b\u0103. \u00cen fiecare an, cre\u0219terea noastr\u0103 este semnificativ\u0103, dar sustenabil\u0103. Suntem o organiza\u021bie cu capital 100% privat rom\u00e2nesc care activeaz\u0103 la nivel european.\n<br><br>\nLa QBIT MANAGEMENT, alegem s\u0103 implement\u0103m o agend\u0103 mai ecologic\u0103. \u00cencep\u00e2nd cu acest an vom planta un copac pentru fiecare comand\u0103 pe care o primim, compens\u00e2nd astfel o parte din emisiile de carbon generate de livrarea noastr\u0103.\n<br><br>\n\u00cen speran\u021ba c\u0103 \u00eentr-o zi ajungem la o compensare de 100%, suntem preg\u0103ti\u021bi s\u0103 lu\u0103m \u0219i mai multe m\u0103suri climatice prin proiecte ecologice, pentru a compensa \u0219i mai mult emisiile de carbon rezultate din activit\u0103\u021bile noastre.<\/p>\t\t<\/div>\n\t\t\t\t<\/div>\n\t\t\t\t\t<\/div>\n\t\t<\/div>\n\t\t\t\t\t\t\t<\/div>\n\t\t<\/section>\n\t\t\t\t<section class=\"elementor-section elementor-top-section elementor-element elementor-element-04c8c5a elementor-section-boxed elementor-section-height-default elementor-section-height-default\" data-id=\"04c8c5a\" data-element_type=\"section\">\n\t\t\t\t\t\t<div class=\"elementor-container elementor-column-gap-no\">\n\t\t\t\t\t<div class=\"elementor-column elementor-col-25 elementor-top-column elementor-element elementor-element-6bf563b\" data-id=\"6bf563b\" data-element_type=\"column\">\n\t\t\t<div class=\"elementor-widget-wrap elementor-element-populated\">\n\t\t\t\t\t\t\t\t<div class=\"elementor-element elementor-element-4605e2a elementor-widget elementor-widget-counter\" data-id=\"4605e2a\" data-element_type=\"widget\" data-widget_type=\"counter.default\">\n\t\t\t\t<div class=\"elementor-widget-container\">\n\t\t\t<style>\/*! elementor - v3.6.5 - 27-04-2022 *\/\n.elementor-counter .elementor-counter-number-wrapper{display:-webkit-box;display:-ms-flexbox;display:flex;font-size:69px;font-weight:600;line-height:1}.elementor-counter .elementor-counter-number-prefix,.elementor-counter .elementor-counter-number-suffix{-webkit-box-flex:1;-ms-flex-positive:1;flex-grow:1;white-space:pre-wrap}.elementor-counter .elementor-counter-number-prefix{text-align:right}.elementor-counter .elementor-counter-number-suffix{text-align:left}.elementor-counter .elementor-counter-title{text-align:center;font-size:19px;font-weight:400;line-height:2.5}<\/style>\t\t<div class=\"elementor-counter\">\n\t\t\t\n\t\t\t<div class=\"elementor-counter-number-wrapper\">\n\n\t\t\t\t\n\t\t\t\t\n\t\t\t\t\t<div class=\"icon\">\n\t\t\t\t\t\t<i class=\"flaticon flaticon-express-delivery\"><\/i>\n\t\t\t\t\t<\/div>\n\n\t\t\t\t\n\t\t\t\t<span class=\"elementor-counter-number-prefix\"><\/span>\n\t\t\t\t<span class=\"elementor-counter-number\" data-duration=\"2000\" data-to-value=\"500\" data-from-value=\"0\" data-delimiter=\",\">0<\/span>\n\t\t\t\t<span class=\"elementor-counter-number-suffix\">+<\/span>\n\t\t\t<\/div>\n\n\t\t\t\t\t\t\t<div class=\"elementor-counter-title\">Transporturi<\/div>\n\t\t\t\n\t\t\t\t\t<\/div>\n\t\t\t\t<\/div>\n\t\t\t\t<\/div>\n\t\t\t\t\t<\/div>\n\t\t<\/div>\n\t\t\t\t<div class=\"elementor-column elementor-col-25 elementor-top-column elementor-element elementor-element-68e6bc0\" data-id=\"68e6bc0\" data-element_type=\"column\">\n\t\t\t<div class=\"elementor-widget-wrap elementor-element-populated\">\n\t\t\t\t\t\t\t\t<div class=\"elementor-element elementor-element-9815bb3 elementor-widget elementor-widget-counter\" data-id=\"9815bb3\" data-element_type=\"widget\" data-widget_type=\"counter.default\">\n\t\t\t\t<div class=\"elementor-widget-container\">\n\t\t\t\t\t<div class=\"elementor-counter\">\n\t\t\t\n\t\t\t<div class=\"elementor-counter-number-wrapper\">\n\n\t\t\t\t\n\t\t\t\t\n\t\t\t\t\t<div class=\"icon\">\n\t\t\t\t\t\t<i class=\"flaticon flaticon-customer\"><\/i>\n\t\t\t\t\t<\/div>\n\n\t\t\t\t\n\t\t\t\t<span class=\"elementor-counter-number-prefix\"><\/span>\n\t\t\t\t<span class=\"elementor-counter-number\" data-duration=\"2000\" data-to-value=\"100\" data-from-value=\"1\">1<\/span>\n\t\t\t\t<span class=\"elementor-counter-number-suffix\">+<\/span>\n\t\t\t<\/div>\n\n\t\t\t\t\t\t\t<div class=\"elementor-counter-title\">Clienti fericiti<\/div>\n\t\t\t\n\t\t\t\t\t<\/div>\n\t\t\t\t<\/div>\n\t\t\t\t<\/div>\n\t\t\t\t\t<\/div>\n\t\t<\/div>\n\t\t\t\t<div class=\"elementor-column elementor-col-25 elementor-top-column elementor-element elementor-element-c5a2958\" data-id=\"c5a2958\" data-element_type=\"column\">\n\t\t\t<div class=\"elementor-widget-wrap elementor-element-populated\">\n\t\t\t\t\t\t\t\t<div class=\"elementor-element elementor-element-6ec23aa elementor-widget elementor-widget-counter\" data-id=\"6ec23aa\" data-element_type=\"widget\" data-widget_type=\"counter.default\">\n\t\t\t\t<div class=\"elementor-widget-container\">\n\t\t\t\t\t<div class=\"elementor-counter\">\n\t\t\t\n\t\t\t<div class=\"elementor-counter-number-wrapper\">\n\n\t\t\t\t\n\t\t\t\t\n\t\t\t\t\t<div class=\"icon\">\n\t\t\t\t\t\t<i class=\"far fa-flag\"><\/i>\n\t\t\t\t\t<\/div>\n\n\t\t\t\t\n\t\t\t\t<span class=\"elementor-counter-number-prefix\"><\/span>\n\t\t\t\t<span class=\"elementor-counter-number\" data-duration=\"2000\" data-to-value=\"20\" data-from-value=\"0\" data-delimiter=\",\">0<\/span>\n\t\t\t\t<span class=\"elementor-counter-number-suffix\">+<\/span>\n\t\t\t<\/div>\n\n\t\t\t\t\t\t\t<div class=\"elementor-counter-title\">Tari tranzitate<\/div>\n\t\t\t\n\t\t\t\t\t<\/div>\n\t\t\t\t<\/div>\n\t\t\t\t<\/div>\n\t\t\t\t\t<\/div>\n\t\t<\/div>\n\t\t\t\t<div class=\"elementor-column elementor-col-25 elementor-top-column elementor-element elementor-element-563ccff\" data-id=\"563ccff\" data-element_type=\"column\">\n\t\t\t<div class=\"elementor-widget-wrap elementor-element-populated\">\n\t\t\t\t\t\t\t\t<div class=\"elementor-element elementor-element-7a4e076 elementor-widget elementor-widget-counter\" data-id=\"7a4e076\" data-element_type=\"widget\" data-widget_type=\"counter.default\">\n\t\t\t\t<div class=\"elementor-widget-container\">\n\t\t\t\t\t<div class=\"elementor-counter\">\n\t\t\t\n\t\t\t<div class=\"elementor-counter-number-wrapper\">\n\n\t\t\t\t\n\t\t\t\t\n\t\t\t\t\t<div class=\"icon\">\n\t\t\t\t\t\t<i class=\"fas fa-tree\"><\/i>\n\t\t\t\t\t<\/div>\n\n\t\t\t\t\n\t\t\t\t<span class=\"elementor-counter-number-prefix\"><\/span>\n\t\t\t\t<span class=\"elementor-counter-number\" data-duration=\"2000\" data-to-value=\"100\" data-from-value=\"\" data-delimiter=\",\"><\/span>\n\t\t\t\t<span class=\"elementor-counter-number-suffix\">+<\/span>\n\t\t\t<\/div>\n\n\t\t\t\t\t\t\t<div class=\"elementor-counter-title\">Copaci plantati<\/div>\n\t\t\t\n\t\t\t\t\t<\/div>\n\t\t\t\t<\/div>\n\t\t\t\t<\/div>\n\t\t\t\t\t<\/div>\n\t\t<\/div>\n\t\t\t\t\t\t\t<\/div>\n\t\t<\/section>\n\t\t\t\t<section class=\"elementor-section elementor-top-section elementor-element elementor-element-9f4f920 elementor-section-boxed elementor-section-height-default elementor-section-height-default\" data-id=\"9f4f920\" data-element_type=\"section\" data-settings=\"{&quot;background_background&quot;:&quot;classic&quot;}\">\n\t\t\t\t\t\t<div class=\"elementor-container elementor-column-gap-no\">\n\t\t\t\t\t<div class=\"elementor-column elementor-col-100 elementor-top-column elementor-element elementor-element-3639943\" data-id=\"3639943\" data-element_type=\"column\">\n\t\t\t<div class=\"elementor-widget-wrap elementor-element-populated\">\n\t\t\t\t\t\t\t\t<section class=\"elementor-section elementor-inner-section elementor-element elementor-element-8e4063b elementor-section-full_width elementor-section-height-default elementor-section-height-default\" data-id=\"8e4063b\" data-element_type=\"section\">\n\t\t\t\t\t\t<div class=\"elementor-container elementor-column-gap-default\">\n\t\t\t\t\t<div class=\"elementor-column elementor-col-33 elementor-inner-column elementor-element elementor-element-8b04954\" data-id=\"8b04954\" data-element_type=\"column\">\n\t\t\t<div class=\"elementor-widget-wrap elementor-element-populated\">\n\t\t\t\t\t\t\t\t<div class=\"elementor-element elementor-element-941da19 elementor-widget elementor-widget-transflash_elementor_heading\" data-id=\"941da19\" data-element_type=\"widget\" data-widget_type=\"transflash_elementor_heading.default\">\n\t\t\t\t<div class=\"elementor-widget-container\">\n\t\t\t\n\t\t    <div class=\"ova-heading\">\n\t\t \t   <h2 class=\"title\">\t\t\t\t\t\t\t\t\t\t\tCe ne face diferiti\t\t\t\t\t\t\t\t\t<\/h2>\n\t\t\t\t\t\t\t\t\t<p class=\"description\">\n\t\t\t\t\t\t\tPunctele forte \u0219i avantajele noastre ne fac s\u0103 fim diferi\u021bi de concuren\u021bii no\u0219tri, ceea ce satisface toate cerin\u021bele clien\u021bilor no\u0219tri\t\t\t\t\t<\/p>\n\t\t\t\t\t\t    <\/div>\n\n         \t\t<\/div>\n\t\t\t\t<\/div>\n\t\t\t\t\t<\/div>\n\t\t<\/div>\n\t\t\t\t<div class=\"elementor-column elementor-col-33 elementor-inner-column elementor-element elementor-element-6361756\" data-id=\"6361756\" data-element_type=\"column\">\n\t\t\t<div class=\"elementor-widget-wrap elementor-element-populated\">\n\t\t\t\t\t\t\t\t<div class=\"elementor-element elementor-element-8139c39 elementor-animation-float elementor-widget elementor-widget-transflash_elementor_card\" data-id=\"8139c39\" data-element_type=\"widget\" data-widget_type=\"transflash_elementor_card.default\">\n\t\t\t\t<div class=\"elementor-widget-container\">\n\t\t\t\n\t\t     \n\t            <div class=\"ova-card\">\n\n\t                \t\t            \t<div class=\"icon\">\n\t\t            \t\t<i class=\"flaticon flaticon-interest-rate\"><\/i>\n\t\t            \t<\/div>\n\t\t            \n\t\t            \t\t\t\t\t\t<h4 class=\"title\">\n\t\t\t\t\t\t\tRate competitive\t\t\t\t\t\t<\/h4>\n\t\t\t\t\t\n\t\t\t\t\t\t\t\t\t\t\t<p class=\"description\">\n\t\t\t\t\t\t\tOferim costuri reduse pentru servicii de transport \u0219i logistic\u0103\t\t\t\t\t\t<\/p>\n\t\t\t\t\t\t\t\t    <\/div>\n\n\t\t   \t\t \t\n\t\t\t\t<\/div>\n\t\t\t\t<\/div>\n\t\t\t\t\t<\/div>\n\t\t<\/div>\n\t\t\t\t<div class=\"elementor-column elementor-col-33 elementor-inner-column elementor-element elementor-element-b08fcb5\" data-id=\"b08fcb5\" data-element_type=\"column\">\n\t\t\t<div class=\"elementor-widget-wrap elementor-element-populated\">\n\t\t\t\t\t\t\t\t<div class=\"elementor-element elementor-element-b51b4b6 elementor-animation-float elementor-widget elementor-widget-transflash_elementor_card\" data-id=\"b51b4b6\" data-element_type=\"widget\" data-widget_type=\"transflash_elementor_card.default\">\n\t\t\t\t<div class=\"elementor-widget-container\">\n\t\t\t\n\t\t     \n\t            <div class=\"ova-card\">\n\n\t                \t\t            \t<div class=\"icon\">\n\t\t            \t\t<i class=\"flaticon flaticon-on-time\"><\/i>\n\t\t            \t<\/div>\n\t\t            \n\t\t            \t\t\t\t\t\t<h4 class=\"title\">\n\t\t\t\t\t\t\tMereu la timp\t\t\t\t\t\t<\/h4>\n\t\t\t\t\t\n\t\t\t\t\t\t\t\t\t\t\t<p class=\"description\">\n\t\t\t\t\t\t\tGarantam livrarea la timp si respectarea termenelor\t\t\t\t\t\t<\/p>\n\t\t\t\t\t\t\t\t    <\/div>\n\n\t\t   \t\t \t\n\t\t\t\t<\/div>\n\t\t\t\t<\/div>\n\t\t\t\t\t<\/div>\n\t\t<\/div>\n\t\t\t\t\t\t\t<\/div>\n\t\t<\/section>\n\t\t\t\t<section class=\"elementor-section elementor-inner-section elementor-element elementor-element-c88a85c elementor-section-full_width elementor-section-height-default elementor-section-height-default\" data-id=\"c88a85c\" data-element_type=\"section\">\n\t\t\t\t\t\t<div class=\"elementor-container elementor-column-gap-default\">\n\t\t\t\t\t<div class=\"elementor-column elementor-col-33 elementor-inner-column elementor-element elementor-element-2edae48\" data-id=\"2edae48\" data-element_type=\"column\">\n\t\t\t<div class=\"elementor-widget-wrap elementor-element-populated\">\n\t\t\t\t\t\t\t\t<div class=\"elementor-element elementor-element-9eb7e38 elementor-animation-float elementor-widget elementor-widget-transflash_elementor_card\" data-id=\"9eb7e38\" data-element_type=\"widget\" data-widget_type=\"transflash_elementor_card.default\">\n\t\t\t\t<div class=\"elementor-widget-container\">\n\t\t\t\n\t\t     \n\t            <div class=\"ova-card\">\n\n\t                \t\t            \t<div class=\"icon\">\n\t\t            \t\t<i class=\"flaticon flaticon-monitor\"><\/i>\n\t\t            \t<\/div>\n\t\t            \n\t\t            \t\t\t\t\t\t<h4 class=\"title\">\n\t\t\t\t\t\t\tTehnologie avansata\t\t\t\t\t\t<\/h4>\n\t\t\t\t\t\n\t\t\t\t\t\t\t\t\t\t\t<p class=\"description\">\n\t\t\t\t\t\t\t\u00cembun\u0103t\u0103\u021bim performan\u021ba noastr\u0103 cu tehnologie modern\u0103\t\t\t\t\t\t<\/p>\n\t\t\t\t\t\t\t\t    <\/div>\n\n\t\t   \t\t \t\n\t\t\t\t<\/div>\n\t\t\t\t<\/div>\n\t\t\t\t\t<\/div>\n\t\t<\/div>\n\t\t\t\t<div class=\"elementor-column elementor-col-33 elementor-inner-column elementor-element elementor-element-d3e8d77\" data-id=\"d3e8d77\" data-element_type=\"column\">\n\t\t\t<div class=\"elementor-widget-wrap elementor-element-populated\">\n\t\t\t\t\t\t\t\t<div class=\"elementor-element elementor-element-177216e elementor-animation-float elementor-widget elementor-widget-transflash_elementor_card\" data-id=\"177216e\" data-element_type=\"widget\" data-widget_type=\"transflash_elementor_card.default\">\n\t\t\t\t<div class=\"elementor-widget-container\">\n\t\t\t\n\t\t     \n\t            <div class=\"ova-card\">\n\n\t                \t\t            \t<div class=\"icon\">\n\t\t            \t\t<i class=\"flaticon flaticon-fast\"><\/i>\n\t\t            \t<\/div>\n\t\t            \n\t\t            \t\t\t\t\t\t<h4 class=\"title\">\n\t\t\t\t\t\t\tRapid &amp; Sigur\t\t\t\t\t\t<\/h4>\n\t\t\t\t\t\n\t\t\t\t\t\t\t\t\t\t\t<p class=\"description\">\n\t\t\t\t\t\t\tO cerin\u021b\u0103 obligatorie pentru companiile de logistic\u0103\t\t\t\t\t\t<\/p>\n\t\t\t\t\t\t\t\t    <\/div>\n\n\t\t   \t\t \t\n\t\t\t\t<\/div>\n\t\t\t\t<\/div>\n\t\t\t\t\t<\/div>\n\t\t<\/div>\n\t\t\t\t<div class=\"elementor-column elementor-col-33 elementor-inner-column elementor-element elementor-element-eb74761\" data-id=\"eb74761\" data-element_type=\"column\">\n\t\t\t<div class=\"elementor-widget-wrap elementor-element-populated\">\n\t\t\t\t\t\t\t\t<div class=\"elementor-element elementor-element-fe02c77 elementor-animation-float elementor-widget elementor-widget-transflash_elementor_card\" data-id=\"fe02c77\" data-element_type=\"widget\" data-widget_type=\"transflash_elementor_card.default\">\n\t\t\t\t<div class=\"elementor-widget-container\">\n\t\t\t\n\t\t     \n\t            <div class=\"ova-card\">\n\n\t                \t\t            \t<div class=\"icon\">\n\t\t            \t\t<i class=\"flaticon flaticon-interest-rate\"><\/i>\n\t\t            \t<\/div>\n\t\t            \n\t\t            \t\t\t\t\t\t<h4 class=\"title\">\n\t\t\t\t\t\t\t24\/7 support\t\t\t\t\t\t<\/h4>\n\t\t\t\t\t\n\t\t\t\t\t\t\t\t\t\t\t<p class=\"description\">\n\t\t\t\t\t\t\tV\u0103 r\u0103spundem la toate \u00eentreb\u0103rile oric\u00e2nd ave\u021bi nevoie de noi\t\t\t\t\t\t<\/p>\n\t\t\t\t\t\t\t\t    <\/div>\n\n\t\t   \t\t \t\n\t\t\t\t<\/div>\n\t\t\t\t<\/div>\n\t\t\t\t\t<\/div>\n\t\t<\/div>\n\t\t\t\t\t\t\t<\/div>\n\t\t<\/section>\n\t\t\t\t\t<\/div>\n\t\t<\/div>\n\t\t\t\t\t\t\t<\/div>\n\t\t<\/section>\n\t\t\t\t\t\t\t<\/div>","protected":false},"excerpt":{"rendered":"<p>About the company We are a modern logistics and transport company specializing in land delivery. Through our expertise and professionalism, we help our clients in shipping their goods quickly and safely. Our mission is to consistently surpass our clients expectations via competitiveness, customisation of provided solutions, expert contract execution, and openness. We have more than [&hellip;]<\/p>","protected":false},"author":1,"featured_media":0,"parent":0,"menu_order":0,"comment_status":"closed","ping_status":"closed","template":"elementor_header_footer","meta":{"footnotes":""},"class_list":["post-109","page","type-page","status-publish","hentry"],"yoast_head":"<!-- This site is optimized with the Yoast SEO plugin v24.9 - https:\/\/yoast.com\/wordpress\/plugins\/seo\/ -->\n<title>About us - QBM<\/title>\n<meta name=\"robots\" content=\"index, follow, max-snippet:-1, max-image-preview:large, max-video-preview:-1\" \/>\n<link rel=\"canonical\" href=\"https:\/\/qbitmanagement.com\/ro\/about-us\/\" \/>\n<meta property=\"og:locale\" content=\"ro_RO\" \/>\n<meta property=\"og:type\" content=\"article\" \/>\n<meta property=\"og:title\" content=\"About us - QBM\" \/>\n<meta property=\"og:description\" content=\"About the company We are a modern logistics and transport company specializing in land delivery. Through our expertise and professionalism, we help our clients in shipping their goods quickly and safely. Our mission is to consistently surpass our clients expectations via competitiveness, customisation of provided solutions, expert contract execution, and openness. We have more than [&hellip;]\" \/>\n<meta property=\"og:url\" content=\"https:\/\/qbitmanagement.com\/ro\/about-us\/\" \/>\n<meta property=\"og:site_name\" content=\"QBM\" \/>\n<meta property=\"article:modified_time\" content=\"2022-06-02T17:31:00+00:00\" \/>\n<meta name=\"twitter:card\" content=\"summary_large_image\" \/>\n<meta name=\"twitter:label1\" content=\"Timp estimat pentru citire\" \/>\n\t<meta name=\"twitter:data1\" content=\"1 minut\" \/>\n<script type=\"application\/ld+json\" class=\"yoast-schema-graph\">{\"@context\":\"https:\/\/schema.org\",\"@graph\":[{\"@type\":\"WebPage\",\"@id\":\"https:\/\/qbitmanagement.com\/about-us\/\",\"url\":\"https:\/\/qbitmanagement.com\/about-us\/\",\"name\":\"About us - QBM\",\"isPartOf\":{\"@id\":\"https:\/\/qbitmanagement.com\/#website\"},\"datePublished\":\"2021-11-17T04:22:52+00:00\",\"dateModified\":\"2022-06-02T17:31:00+00:00\",\"breadcrumb\":{\"@id\":\"https:\/\/qbitmanagement.com\/about-us\/#breadcrumb\"},\"inLanguage\":\"ro-RO\",\"potentialAction\":[{\"@type\":\"ReadAction\",\"target\":[\"https:\/\/qbitmanagement.com\/about-us\/\"]}]},{\"@type\":\"BreadcrumbList\",\"@id\":\"https:\/\/qbitmanagement.com\/about-us\/#breadcrumb\",\"itemListElement\":[{\"@type\":\"ListItem\",\"position\":1,\"name\":\"Home\",\"item\":\"https:\/\/qbitmanagement.com\/\"},{\"@type\":\"ListItem\",\"position\":2,\"name\":\"About us\"}]},{\"@type\":\"WebSite\",\"@id\":\"https:\/\/qbitmanagement.com\/#website\",\"url\":\"https:\/\/qbitmanagement.com\/\",\"name\":\"QBM\",\"description\":\"European Transportation Company\",\"publisher\":{\"@id\":\"https:\/\/qbitmanagement.com\/#organization\"},\"potentialAction\":[{\"@type\":\"SearchAction\",\"target\":{\"@type\":\"EntryPoint\",\"urlTemplate\":\"https:\/\/qbitmanagement.com\/?s={search_term_string}\"},\"query-input\":{\"@type\":\"PropertyValueSpecification\",\"valueRequired\":true,\"valueName\":\"search_term_string\"}}],\"inLanguage\":\"ro-RO\"},{\"@type\":\"Organization\",\"@id\":\"https:\/\/qbitmanagement.com\/#organization\",\"name\":\"QBIT MANAGEMENT - LOGISTICS SERVICES\",\"url\":\"https:\/\/qbitmanagement.com\/\",\"logo\":{\"@type\":\"ImageObject\",\"inLanguage\":\"ro-RO\",\"@id\":\"https:\/\/qbitmanagement.com\/#\/schema\/logo\/image\/\",\"url\":\"https:\/\/qbitmanagement.com\/wp-content\/uploads\/2021\/11\/LogoGradient.png\",\"contentUrl\":\"https:\/\/qbitmanagement.com\/wp-content\/uploads\/2021\/11\/LogoGradient.png\",\"width\":79,\"height\":66,\"caption\":\"QBIT MANAGEMENT - LOGISTICS SERVICES\"},\"image\":{\"@id\":\"https:\/\/qbitmanagement.com\/#\/schema\/logo\/image\/\"}}]}<\/script>\n<!-- \/ Yoast SEO plugin. -->","yoast_head_json":{"title":"About us - QBM","robots":{"index":"index","follow":"follow","max-snippet":"max-snippet:-1","max-image-preview":"max-image-preview:large","max-video-preview":"max-video-preview:-1"},"canonical":"https:\/\/qbitmanagement.com\/ro\/about-us\/","og_locale":"ro_RO","og_type":"article","og_title":"About us - QBM","og_description":"About the company We are a modern logistics and transport company specializing in land delivery. Through our expertise and professionalism, we help our clients in shipping their goods quickly and safely. Our mission is to consistently surpass our clients expectations via competitiveness, customisation of provided solutions, expert contract execution, and openness. We have more than [&hellip;]","og_url":"https:\/\/qbitmanagement.com\/ro\/about-us\/","og_site_name":"QBM","article_modified_time":"2022-06-02T17:31:00+00:00","twitter_card":"summary_large_image","twitter_misc":{"Timp estimat pentru citire":"1 minut"},"schema":{"@context":"https:\/\/schema.org","@graph":[{"@type":"WebPage","@id":"https:\/\/qbitmanagement.com\/about-us\/","url":"https:\/\/qbitmanagement.com\/about-us\/","name":"About us - QBM","isPartOf":{"@id":"https:\/\/qbitmanagement.com\/#website"},"datePublished":"2021-11-17T04:22:52+00:00","dateModified":"2022-06-02T17:31:00+00:00","breadcrumb":{"@id":"https:\/\/qbitmanagement.com\/about-us\/#breadcrumb"},"inLanguage":"ro-RO","potentialAction":[{"@type":"ReadAction","target":["https:\/\/qbitmanagement.com\/about-us\/"]}]},{"@type":"BreadcrumbList","@id":"https:\/\/qbitmanagement.com\/about-us\/#breadcrumb","itemListElement":[{"@type":"ListItem","position":1,"name":"Home","item":"https:\/\/qbitmanagement.com\/"},{"@type":"ListItem","position":2,"name":"About us"}]},{"@type":"WebSite","@id":"https:\/\/qbitmanagement.com\/#website","url":"https:\/\/qbitmanagement.com\/","name":"QBM","description":"Companie Europeana De Transport","publisher":{"@id":"https:\/\/qbitmanagement.com\/#organization"},"potentialAction":[{"@type":"SearchAction","target":{"@type":"EntryPoint","urlTemplate":"https:\/\/qbitmanagement.com\/?s={search_term_string}"},"query-input":{"@type":"PropertyValueSpecification","valueRequired":true,"valueName":"search_term_string"}}],"inLanguage":"ro-RO"},{"@type":"Organization","@id":"https:\/\/qbitmanagement.com\/#organization","name":"QBIT MANAGEMENT - LOGISTICS SERVICES","url":"https:\/\/qbitmanagement.com\/","logo":{"@type":"ImageObject","inLanguage":"ro-RO","@id":"https:\/\/qbitmanagement.com\/#\/schema\/logo\/image\/","url":"https:\/\/qbitmanagement.com\/wp-content\/uploads\/2021\/11\/LogoGradient.png","contentUrl":"https:\/\/qbitmanagement.com\/wp-content\/uploads\/2021\/11\/LogoGradient.png","width":79,"height":66,"caption":"QBIT MANAGEMENT - LOGISTICS SERVICES"},"image":{"@id":"https:\/\/qbitmanagement.com\/#\/schema\/logo\/image\/"}}]}},"_links":{"self":[{"href":"https:\/\/qbitmanagement.com\/ro\/wp-json\/wp\/v2\/pages\/109","targetHints":{"allow":["GET"]}}],"collection":[{"href":"https:\/\/qbitmanagement.com\/ro\/wp-json\/wp\/v2\/pages"}],"about":[{"href":"https:\/\/qbitmanagement.com\/ro\/wp-json\/wp\/v2\/types\/page"}],"author":[{"embeddable":true,"href":"https:\/\/qbitmanagement.com\/ro\/wp-json\/wp\/v2\/users\/1"}],"replies":[{"embeddable":true,"href":"https:\/\/qbitmanagement.com\/ro\/wp-json\/wp\/v2\/comments?post=109"}],"version-history":[{"count":10,"href":"https:\/\/qbitmanagement.com\/ro\/wp-json\/wp\/v2\/pages\/109\/revisions"}],"predecessor-version":[{"id":5749,"href":"https:\/\/qbitmanagement.com\/ro\/wp-json\/wp\/v2\/pages\/109\/revisions\/5749"}],"wp:attachment":[{"href":"https:\/\/qbitmanagement.com\/ro\/wp-json\/wp\/v2\/media?parent=109"}],"curies":[{"name":"wp","href":"https:\/\/api.w.org\/{rel}","templated":true}]}}